{"id":73,"date":"2022-11-03T08:50:45","date_gmt":"2022-11-03T08:50:45","guid":{"rendered":"https:\/\/pruefen.at\/?page_id=73"},"modified":"2022-11-03T08:50:45","modified_gmt":"2022-11-03T08:50:45","slug":"meine-pruefgegenstaende-abrufen","status":"publish","type":"page","link":"https:\/\/pruefen.at\/?page_id=73","title":{"rendered":"Meine Pr\u00fcfgegenst\u00e4nde abrufen"},"content":{"rendered":"\n<div class=\"wp-block-contact-form-7-contact-form-selector\">\n<div class=\"wpcf7 no-js\" id=\"wpcf7-f68-o1\" lang=\"de-DE\" dir=\"ltr\">\n<div class=\"screen-reader-response\"><p role=\"status\" aria-live=\"polite\" aria-atomic=\"true\"><\/p> <ul><\/ul><\/div>\n<form action=\"\/index.php?rest_route=%2Fwp%2Fv2%2Fpages%2F73#wpcf7-f68-o1\" method=\"post\" class=\"wpcf7-form init\" aria-label=\"Kontaktformular\" novalidate=\"novalidate\" data-status=\"init\">\n<div style=\"display: none;\">\n<input type=\"hidden\" name=\"_wpcf7\" value=\"68\" \/>\n<input type=\"hidden\" name=\"_wpcf7_version\" value=\"5.7.7\" \/>\n<input type=\"hidden\" name=\"_wpcf7_locale\" value=\"de_DE\" \/>\n<input type=\"hidden\" name=\"_wpcf7_unit_tag\" value=\"wpcf7-f68-o1\" \/>\n<input type=\"hidden\" name=\"_wpcf7_container_post\" value=\"0\" \/>\n<input type=\"hidden\" name=\"_wpcf7_posted_data_hash\" value=\"\" \/>\n<input type=\"hidden\" name=\"_wpcf7_recaptcha_response\" value=\"\" \/>\n<\/div>\n<p><label> Deine E-Mail-Adresse mit der der\/die Pr\u00fcfgegenst\u00e4nde verkn\u00fcpft sind<br \/>\n<span class=\"wpcf7-form-control-wrap\" data-name=\"email\"><input size=\"40\" class=\"wpcf7-form-control wpcf7-text wpcf7-email wpcf7-validates-as-required wpcf7-validates-as-email\" aria-required=\"true\" aria-invalid=\"false\" value=\"\" type=\"email\" name=\"email\" \/><\/span> <\/label>\n<\/p>\n<p><input class=\"wpcf7-form-control has-spinner wpcf7-submit\" type=\"submit\" value=\"Senden\" \/>\n<\/p><div class=\"wpcf7-response-output\" aria-hidden=\"true\"><\/div>\n<\/form>\n<\/div>\n<\/div>\n\n\n\n<p>Per Eingabe der Mailadresse erhalten Sie, wenn die Mailadresse mit einem Pr\u00fcfgegenstand verkn\u00fcpft ist, eine Mail mit der Auflistung der verkn\u00fcpften Pr\u00fcfgegenst\u00e4nde.<\/p>\n\n\n\n<p>Enthalten sind in der Auflistung auch die Links zu den einzelnen elektronischen Pr\u00fcfb\u00fcchern der Pr\u00fcfgegenst\u00e4nde zur Durchsicht, Aufbesserung oder Erweiterung.<\/p>\n","protected":false},"excerpt":{"rendered":"<p>Per Eingabe der Mailadresse erhalten Sie, wenn die Mailadresse mit einem Pr\u00fcfgegenstand verkn\u00fcpft ist, eine Mail mit der Auflistung der verkn\u00fcpften Pr\u00fcfgegenst\u00e4nde. Enthalten sind in der Auflistung auch die Links zu den einzelnen elektronischen Pr\u00fcfb\u00fcchern der Pr\u00fcfgegenst\u00e4nde zur Durchsicht, Aufbesserung oder Erweiterung.<\/p>\n","protected":false},"author":1,"featured_media":0,"parent":0,"menu_order":0,"comment_status":"closed","ping_status":"closed","template":"","meta":{"footnotes":""},"_links":{"self":[{"href":"https:\/\/pruefen.at\/index.php?rest_route=\/wp\/v2\/pages\/73"}],"collection":[{"href":"https:\/\/pruefen.at\/index.php?rest_route=\/wp\/v2\/pages"}],"about":[{"href":"https:\/\/pruefen.at\/index.php?rest_route=\/wp\/v2\/types\/page"}],"author":[{"embeddable":true,"href":"https:\/\/pruefen.at\/index.php?rest_route=\/wp\/v2\/users\/1"}],"replies":[{"embeddable":true,"href":"https:\/\/pruefen.at\/index.php?rest_route=%2Fwp%2Fv2%2Fcomments&post=73"}],"version-history":[{"count":1,"href":"https:\/\/pruefen.at\/index.php?rest_route=\/wp\/v2\/pages\/73\/revisions"}],"predecessor-version":[{"id":75,"href":"https:\/\/pruefen.at\/index.php?rest_route=\/wp\/v2\/pages\/73\/revisions\/75"}],"wp:attachment":[{"href":"https:\/\/pruefen.at\/index.php?rest_route=%2Fwp%2Fv2%2Fmedia&parent=73"}],"curies":[{"name":"wp","href":"https:\/\/api.w.org\/{rel}","templated":true}]}}