{"id":2,"date":"2016-05-10T03:48:21","date_gmt":"2016-05-10T03:48:21","guid":{"rendered":"http:\/\/pruefen.at\/?page_id=2"},"modified":"2022-11-03T15:12:48","modified_gmt":"2022-11-03T15:12:48","slug":"sample-page","status":"publish","type":"page","link":"https:\/\/pruefen.at\/","title":{"rendered":"Das &#8222;sichere elektronische Pr\u00fcfbuch&#8220; (SEP)"},"content":{"rendered":"\n<p>Das sichere elektronische Pr\u00fcfbuch ist das digitale \u00c4quivalent zum bisherigen Pr\u00fcfbuch &#8211; mit einigen entscheidenden Vorteilen:<\/p>\n\n\n\n<ul>\n<li>immer griffbereit, z.B. auch bei spontanen Beh\u00f6rdenpr\u00fcfungen<\/li>\n\n\n\n<li>\u00fcbersichtlich, auf einen Blick<\/li>\n\n\n\n<li>Dokumentenmanagement, auch Betriebsanleitung, regelm\u00e4\u00dfige Checklisten, Reparaturen, Unterweisungen usw. k\u00f6nnen hinterlegt werden<\/li>\n\n\n\n<li>Historie der bisheriger Pr\u00fcfungen einsehbar<\/li>\n\n\n\n<li>automatische Erinnerungsfunktion einstellbar<\/li>\n\n\n\n<li>direkt kann Angebot und Vergabe f\u00fcr Pr\u00fcfung oder Service angefragt werden<\/li>\n<\/ul>\n\n\n\n<p><strong>Benefit<\/strong><\/p>\n\n\n\n<p>Nutzbar f\u00fcr alle Arten von Pr\u00fcfgegenst\u00e4nden bzw. Equipment, <br>Insbesondere Arbeitsmittel nach Arbeitsmittelverordnung, Hubanlagenverordnung (automatische T\u00fcre\/Tore, Hebeb\u00fchne, Hubtisch, Kran, Stapler, Presse, Hubanlagen, Aufz\u00fcge, Fahrtreppen, Spielplatz- und Turnsaalpr\u00fcfungen usw., aber auch z.B. \u00a782b GewO, Interne Auflagen oder Beh\u00f6rdenauflagen)<\/p>\n\n\n\n<p><strong>Funktionen:<\/strong><\/p>\n\n\n\n<p>Hintergrundinformationen sowie Lebenslaufakt zum Pr\u00fcfobjekt, die komplette Pr\u00fcfhistorie und andere hinterlegte Dokumente k\u00f6nnen im elektronischen Pr\u00fcfbuch gespeichert werden.<\/p>\n\n\n\n<p>Dabei ist keine Anmeldung erforderlich, der Pr\u00fcfgegenstand wird initial angelegt und ist dann einzigartig identifizierbar durch eine zuf\u00e4llige Zahlenkette, welche z.B. als QR-Tag leicht mit jedem Mobiltelefon abfotografiert werden kann.<br>Direkt am Pr\u00fcfgegenstand kann mittels QR-Tag eine \u00dcbersicht des Pr\u00fcfgegenstands aufgerufen werden, ohne weitere Anmeldung &#8211; dabei werden nur jene Dokumente angezeigt, die davor aktiv f\u00fcr diese Zwecke markiert wurden (z.B. Unterweisungsunterlagen, Arbeitsanweisung, Checklisten).<\/p>\n\n\n\n<p>Ihre Pr\u00fcfberichte, Gutachten, Zertifikate und Dokumentationen k\u00f6nnen Sie zum Pr\u00fcfgegenstand hochladen, oder einfach per Mail mit dem jeweiligen Pr\u00fcfgegenstand (Equipment) verkn\u00fcpfen. <\/p>\n\n\n\n<p>Zugriff auf die Unterlagen bzw. die Pr\u00fcfgegenst\u00e4nde k\u00f6nnen einfach an einzelne Personen mittels deren E-Mail-Adresse vergeben werden &#8211; Verantwortliche erhalten auf Knopfdruck eine \u00dcbersicht ihrer Pr\u00fcfgegenst\u00e4nde in ihre Posteingangsbox &#8211; ganz ohne Authentifizierung oder Passwort-merken.<\/p>\n\n\n\n<p>Auch Benachrichtigungen &#8211; wie \u00c4nderungen im Pr\u00fcfbuch, hinzugef\u00fcgte Eigenkontrolle, Pr\u00fcfung oder sonstige Dokumente &#8211; der Pr\u00fcfgegenst\u00e4nde k\u00f6nnen an die hinterlegte Mailadressen versendetwerden.<\/p>\n\n\n\n<p>Das elektronische Pr\u00fcfbuch ist ein Cloudservice, die Daten werden dabei in einem deutschen Rechenzentrum sicher vorgehalten, der Zugriff darauf erfolgt SSL-Verschl\u00fcsselt.<\/p>\n\n\n\n<p><strong>Kosten:<\/strong><\/p>\n\n\n\n<p>Die Nutzung des elektronischen Pr\u00fcfbuchs ist bis auf Widerruf kostenfrei, fair-use k\u00f6nnen Pr\u00fcfgegenst\u00e4nde angelegt werden.<br>Je Pr\u00fcfgegenstand kann bis zu 1MB Daten gespeichert werden.<br>Bei Pr\u00fcfung\/Service durch unsere Partner werden die Unterlagen gepflegt und unterliegen keiner Datenbegrenzung.<br><\/p>\n\n\n\n<p>I<strong>mpressum:<\/strong><\/p>\n\n\n\n<p>ZT Glaser Stefan, Dipl.-Ing., Ziviltechniker, Ingenieurkonsulent f\u00fcr Wirtschaftsingenieurwesen Maschinenbau<\/p>\n\n\n\n<p>UID-Nr: ATU72277868<br>Schenkelbachweg 34, 4600 Wels | Austria<br>Tel: +43 7242 66660<br>E-Mail: sep(at)glasernet.com<\/p>\n\n\n\n<p><strong>Datenschutz<\/strong><\/p>\n\n\n\n<p>Wir speichern keine Benutzerdaten, insbesondere keine pers\u00f6nlichen Seitenbenutzungsdaten.<\/p>\n\n\n\n<p>Allgemeine Anfragen werden von uns bearbeitet und beantwortet. Die L\u00f6schung der Daten erfolgt entweder nach fertiger Bearbeitung, Annahme oder Abschlagung unseres Angebotes, oder nach Ablauf von drei Jahren ohne Kommunikation.<\/p>\n\n\n\n<p>Die Bearbeitung erfolgt durch uns, indem wir die von Ihnen \u00fcbermittelten Daten im Bedarfsfall sortieren und zusammenfassen, und an bekannte Pr\u00fcfgesellschaften mit der Bitte um Angebotslegung weiterleiten. Die gesetzlichen Datenschutzvereinbarungen werden von jedem angefragten B\u00fcro direkt wahrgenommen. Keine Daten werden zu einem anderen Zweck oder an andere Personen weitergegeben.<\/p>\n\n\n\n<p>Beschwerden sind an die Online Streitbeilegungsplattform&nbsp;der EU zu richten: http:\/\/ec.europa.eu\/odr.<br>Sie k\u00f6nnen allf\u00e4llige Beschwerde auch an&nbsp;die oben angegebene E-Mail-Adresse&nbsp;richten.<\/p>\n","protected":false},"excerpt":{"rendered":"<p>Das sichere elektronische Pr\u00fcfbuch ist das digitale \u00c4quivalent zum bisherigen Pr\u00fcfbuch &#8211; mit einigen entscheidenden Vorteilen: Benefit Nutzbar f\u00fcr alle Arten von Pr\u00fcfgegenst\u00e4nden bzw. Equipment, Insbesondere Arbeitsmittel nach Arbeitsmittelverordnung, Hubanlagenverordnung (automatische T\u00fcre\/Tore, Hebeb\u00fchne, Hubtisch, Kran, Stapler, Presse, Hubanlagen, Aufz\u00fcge, Fahrtreppen, Spielplatz- und Turnsaalpr\u00fcfungen usw., aber auch z.B. \u00a782b GewO, Interne Auflagen oder Beh\u00f6rdenauflagen) Funktionen: Hintergrundinformationen &hellip; <\/p>\n<p class=\"link-more\"><a href=\"https:\/\/pruefen.at\/\" class=\"more-link\"><span class=\"screen-reader-text\">\u201eDas &#8222;sichere elektronische Pr\u00fcfbuch&#8220; (SEP)\u201c<\/span> weiterlesen<\/a><\/p>\n","protected":false},"author":1,"featured_media":0,"parent":0,"menu_order":0,"comment_status":"closed","ping_status":"open","template":"","meta":{"footnotes":""},"_links":{"self":[{"href":"https:\/\/pruefen.at\/index.php?rest_route=\/wp\/v2\/pages\/2"}],"collection":[{"href":"https:\/\/pruefen.at\/index.php?rest_route=\/wp\/v2\/pages"}],"about":[{"href":"https:\/\/pruefen.at\/index.php?rest_route=\/wp\/v2\/types\/page"}],"author":[{"embeddable":true,"href":"https:\/\/pruefen.at\/index.php?rest_route=\/wp\/v2\/users\/1"}],"replies":[{"embeddable":true,"href":"https:\/\/pruefen.at\/index.php?rest_route=%2Fwp%2Fv2%2Fcomments&post=2"}],"version-history":[{"count":15,"href":"https:\/\/pruefen.at\/index.php?rest_route=\/wp\/v2\/pages\/2\/revisions"}],"predecessor-version":[{"id":86,"href":"https:\/\/pruefen.at\/index.php?rest_route=\/wp\/v2\/pages\/2\/revisions\/86"}],"wp:attachment":[{"href":"https:\/\/pruefen.at\/index.php?rest_route=%2Fwp%2Fv2%2Fmedia&parent=2"}],"curies":[{"name":"wp","href":"https:\/\/api.w.org\/{rel}","templated":true}]}}